{"id":3,"date":"2024-09-14T14:43:12","date_gmt":"2024-09-14T12:43:12","guid":{"rendered":"https:\/\/www.opensource-dvd.de\/wordpress\/?page_id=3"},"modified":"2025-12-30T23:50:10","modified_gmt":"2025-12-30T22:50:10","slug":"datenschutzerklaerung","status":"publish","type":"page","link":"https:\/\/www.opensource-dvd.de\/Jahres-DVD\/datenschutzerklaerung\/","title":{"rendered":"Datenschutzerkl\u00e4rung"},"content":{"rendered":"\n<p>Diese <strong>Datenschutzerkl\u00e4rung<\/strong> (nachfolgend &#8222;Erkl\u00e4rung&#8220;) zeigt auf, wie Christian Trabi (nachfolgend &#8222;Opensource-DVD&#8220;) von den Besuchern dieser Website (nachfolgend &#8222;Nutzer&#8220;) personenbezogene Nutzerdaten (&#8222;Personendaten&#8220;) erhebt, nutzt, weitergibt und offenlegt (nachfolgend unter dem Begriff &#8222;verarbeiten&#8220; zusammengefasst) und in welcher Weise dies erfolgt. Au\u00dferdem beschreibt die Erkl\u00e4rung, wie Opensource-DVD die Sicherheit der verarbeiteten Personendaten gew\u00e4hrleistet.<br><br>Der Nutzer ist einverstanden, dass Opensource-DVD Personendaten im Einklang mit der Erkl\u00e4rung verarbeitet. Gesetzliche oder vertragliche Geheimhaltungspflichten, denen Opensource-DVD mit Bezug auf die Personendaten des Nutzers unterliegt, werden von dieser Erkl\u00e4rung nicht ber\u00fchrt.<br><br>Opensource-DVD kann die Erkl\u00e4rung jederzeit einseitig \u00e4ndern. Die aktuelle Fassung wird jeweils online publiziert.<br><br><strong>Erhobene Daten<\/strong><br>Opensource-DVD verarbeitet Personendaten \u00fcber den Nutzer, wenn dieser Websites von Opensource-DVD besucht oder online angebotene Produkte oder Dienstleistungen von Opensource-DVD beantragt oder nutzt. Zum einen verarbeitet Opensource-DVD Personendaten (z.B. Name, Geschlecht, Anschrift, E-Mail-Adresse, Telefon- oder Faxnummer), die der Nutzer \u00fcber die Website zur Verf\u00fcgung stellt, insbesondere, wenn er sich f\u00fcr den E-Mail-Newsletter anmeldet. Zum anderen zeichnet der Webserver von Opensource-DVD automatisch Einzelheiten zum Besuch des Nutzers auf (z.B. IP-Adresse, Herkunftswebsite, aufgerufene Seiten, Datum, Verweildauer).<br><br><strong>Cookies<\/strong><br>Die Websites von Opensource-DVD verwenden Cookies, die auf dem Computer des Nutzers gespeichert werden. Dadurch kann der Besuch des Nutzers nachvollzogen sowie seine Pr\u00e4ferenzen gespeichert werden, wenn er zwischen Seiten wechselt oder die Website erneut besucht.<br><br>Cookies dienen insbesondere folgenden Zwecken: Speicherung der vom Nutzer gew\u00e4hlten Sprach- und L\u00e4ndereinstellungen; statistische Auswertung der Anzahl Nutzer und der Nutzungsgewohnheiten; Verbesserung der Ladegeschwindigkeit der einzelnen Seiten. Der Nutzer kann das Verhalten von Cookies mittels seiner Browsereinstellungen kontrollieren. Die entsprechenden M\u00f6glichkeiten des Browsers und Anleitungen zur Verwendung finden sich in der Regel im Handbuch oder in der Hilfedatei des Browsers. Lehnt der Nutzer Cookies ab, sperrt oder deaktiviert er sie, kann das die Verf\u00fcgbarkeit der \u00fcber die Website angebotenen Dienstleistungen einschr\u00e4nken. Au\u00dferdem funktionieren Teile der Websites unter Umst\u00e4nden nicht mehr richtig.<br><br><strong>Web-Analyse<\/strong><br>Mit Analyse-Tools von Dritten analysiert Opensource-DVD die Nutzung der Websites.<br><br><strong>Nutzung und Schutz von Personendaten<\/strong><br>Anhand der Verarbeitung von Personendaten gem\u00e4\u00df dieser Erkl\u00e4rung verbessert Opensource-DVD die Produkt- und Dienstleistungsqualit\u00e4t.<br><br>Die Verarbeitung von Personendaten dient insbesondere folgenden Zwecken: technische Verwaltung sowie Recherche und Weiterentwicklung der Websites; Nutzeradministration und Marketing; Information des Nutzers \u00fcber Dienstleistungen und Produkte von Opensource-DVD, falls der Nutzer dazu seine Einwilligung erteilt hat Der Nutzer erm\u00e4chtigt Opensource-DVD Personendaten an Mitarbeitende, Beauftragte oder sonstige Drittparteien innerhalb oder au\u00dferhalb des Landes, in dem der Nutzer wohnt, zur Erbringung von Dienstleistungen und f\u00fcr die oben genannten Zwecke weiterzugeben. Die Mitarbeitenden, Beauftragten und sonstigen Drittparteien, welche Zugriff auf Personendaten haben, werden von Opensource-DVD verpflichtet, die Einhaltung s\u00e4mtlicher anwendbaren Datenschutzvorschriften sicherzustellen. Opensource-DVD sch\u00fctzt Personendaten mit angemessenen physischen, elektronischen und verfahrensbezogenen Sicherheitsvorkehrungen, darunter Firewalls, pers\u00f6nliche Passw\u00f6rter, Verschl\u00fcsselungs- und Authentifizierungstechnologien.<br><br>Opensource-DVD beh\u00e4lt sich vor, Personendaten gegen\u00fcber Regierungs- und Aufsichtsbeh\u00f6rden sowie im Rahmen dieser Erkl\u00e4rung auch an Analyse-Dienstleister zu \u00fcbermitteln. Opensource-DVD h\u00e4lt sich dabei vollumf\u00e4nglich an die anwendbare Regulierung, Gesetzgebung und allf\u00e4llige gerichtliche oder amtliche Vorgaben.<br><br><strong>Auskunft \u00fcber verarbeitete Personendaten<\/strong><br>Personen, deren Personendaten im Rahmen dieser Erkl\u00e4rung verarbeitet werden, haben das Recht: Auskunft dar\u00fcber zu erhalten, ob und welche Personendaten Opensource-DVD speichert; eine Kopie der Personendaten zu erhalten; bei Fehlerhaftigkeit die Berichtigung der Personendaten zu verlangen; die L\u00f6schung der Personendaten zu verlangen; Einschr\u00e4nkungen bei der Verarbeitung von Personendaten zu verlangen; Personendaten in einem strukturierten, g\u00e4ngigen und maschinenlesbaren Format zu erhalten; Widerspruch gegen die Verarbeitung, insbesondere zum Zweck der Direktwerbung, einzulegen. Die oben genannten Rechte k\u00f6nnen verweigert bzw. eingeschr\u00e4nkt werden, wenn die Interessen, Rechte und Freiheiten von Drittpersonen \u00fcberwiegen oder die Verarbeitung der Geltendmachung, Aus\u00fcbung oder Verteidigung von Rechtsanspr\u00fcchen von Opensource-DVD dient.<br><br>Anfragen zur Verarbeitung von Personendaten sind an den Datenschutzverantwortlichen von Opensource-DVD zu richten:<br><br>Opensource-DVD, Christian Trabi<br>Siebenb\u00fcrger Str. 18, 82538 Geretsried, Deutschland<br>E-Mail: info@opensource-dvd.de<br><br><strong>Recht auf Widerruf einer datenschutzrechtlichen Einwilligung<\/strong><br>Jede von der Verarbeitung von Personendaten betroffene Person kann ihre Einwilligung dazu jederzeit widerrufen. Der Widerruf ist in diesem Fall schriftlich oder per E-Mail an den Datenschutzverantwortlichen von Opensource-DVD zu richten.<br><br>Zuletzt aktualisiert am: 30. Dezember 2025 &#8211; Ihr Opensource-DVD Team<\/p>\n","protected":false},"excerpt":{"rendered":"<p>Diese Datenschutzerkl\u00e4rung (nachfolgend &#8222;Erkl\u00e4rung&#8220;) zeigt auf, wie Christian Trabi (nachfolgend &#8222;Opensource-DVD&#8220;) von den Besuchern dieser Website (nachfolgend &#8222;Nutzer&#8220;) personenbezogene Nutzerdaten (&#8222;Personendaten&#8220;) erhebt, nutzt, weitergibt und offenlegt (nachfolgend unter dem Begriff &#8222;verarbeiten&#8220; zusammengefasst) und in welcher Weise dies erfolgt. Au\u00dferdem beschreibt die Erkl\u00e4rung, wie Opensource-DVD die Sicherheit der verarbeiteten Personendaten gew\u00e4hrleistet. Der Nutzer ist einverstanden, dass [&hellip;]<\/p>\n","protected":false},"author":1,"featured_media":0,"parent":0,"menu_order":0,"comment_status":"closed","ping_status":"open","template":"","meta":{"_themeisle_gutenberg_block_has_review":false,"footnotes":""},"class_list":["post-3","page","type-page","status-publish","hentry"],"jetpack_sharing_enabled":true,"_links":{"self":[{"href":"https:\/\/www.opensource-dvd.de\/Jahres-DVD\/wp-json\/wp\/v2\/pages\/3","targetHints":{"allow":["GET"]}}],"collection":[{"href":"https:\/\/www.opensource-dvd.de\/Jahres-DVD\/wp-json\/wp\/v2\/pages"}],"about":[{"href":"https:\/\/www.opensource-dvd.de\/Jahres-DVD\/wp-json\/wp\/v2\/types\/page"}],"author":[{"embeddable":true,"href":"https:\/\/www.opensource-dvd.de\/Jahres-DVD\/wp-json\/wp\/v2\/users\/1"}],"replies":[{"embeddable":true,"href":"https:\/\/www.opensource-dvd.de\/Jahres-DVD\/wp-json\/wp\/v2\/comments?post=3"}],"version-history":[{"count":1,"href":"https:\/\/www.opensource-dvd.de\/Jahres-DVD\/wp-json\/wp\/v2\/pages\/3\/revisions"}],"predecessor-version":[{"id":682,"href":"https:\/\/www.opensource-dvd.de\/Jahres-DVD\/wp-json\/wp\/v2\/pages\/3\/revisions\/682"}],"wp:attachment":[{"href":"https:\/\/www.opensource-dvd.de\/Jahres-DVD\/wp-json\/wp\/v2\/media?parent=3"}],"curies":[{"name":"wp","href":"https:\/\/api.w.org\/{rel}","templated":true}]}}