{"id":100,"date":"2024-09-14T20:04:43","date_gmt":"2024-09-14T18:04:43","guid":{"rendered":"https:\/\/www.opensource-dvd.de\/wordpress\/agb\/"},"modified":"2025-12-31T16:18:48","modified_gmt":"2025-12-31T15:18:48","slug":"unsere-agb","status":"publish","type":"page","link":"https:\/\/www.opensource-dvd.de\/Jahres-DVD\/unsere-agb\/","title":{"rendered":"AGB des Opensource-DVD Shops"},"content":{"rendered":"\n<p>Unsere AGB als <span class=\"highlight\"><strong><mark style=\"background-color:rgba(0, 0, 0, 0);color:#0e00ff\" class=\"has-inline-color\"><a href=\"https:\/\/www.opensource-dvd.de\/Jahres-DVD\/agb.pdf\" target=\"_blank\" rel=\"noreferrer noopener\">PDF-Datei<\/a><\/mark><\/strong><\/span>.<\/p>\n\n\n\n<p><strong>Geltungsbereich<\/strong><br>F\u00fcr alle Lieferungen von Christian Trabi (nachfolgend \u201eOpensource-DVD\u201c) an<br>Verbraucher gelten diese Allgemeinen Gesch\u00e4ftsbedingungen (AGB). Verbraucher<br>ist jede nat\u00fcrliche Person, die ein Rechtsgesch\u00e4ft zu einem Zwecke abschlie\u00dft,<br>der \u00fcberwiegend weder ihrer gewerblichen noch ihrer selbstst\u00e4ndigen beruflichen<br>T\u00e4tigkeit zugerechnet werden kann.<\/p>\n\n\n\n<p><strong>Vertragsschluss<br><\/strong>Die Darstellung der Produkte im Online-Shop stellt kein rechtlich bindendes Angebot, sondern nur eine Aufforderung zur Bestellung dar. Der Kaufvertrag kommt nach einem Klick auf den Button \u201eKostenpflichtig kaufen\u201c und durch anschlie\u00dfende schriftliche Best\u00e4tigung der Bestellung (per E-Mail) seitens Opensource-DVD zustande. Eine Bestellung kann erst abgeschlossen werden, wenn der Kunde seine Anerkennung dieser AGB im Bestellformular best\u00e4tigt hat.<\/p>\n\n\n\n<p><strong>Widerrufsrecht:<\/strong><strong><br><\/strong>Sie k\u00f6nnen Ihre Vertragserkl\u00e4rung innerhalb von zwei Wochen ohne Angabe von Gr\u00fcnden in Textform (z.B. Brief, E-Mail) oder durch R\u00fccksendung der Sache widerrufen.<br><br>Die Widerrufsfrist betr\u00e4gt vierzehn Tage ab dem Tag an dem Sie oder ein von Ihnen benannter Dritter, der nicht der Bef\u00f6rderer ist, die Waren in Besitz genommen haben bzw. hat. Zur Wahrung der Widerrufsfrist reicht es aus, dass Sie die Mitteilung \u00fcber die Aus\u00fcbung des Widerrufsrechts vor Ablauf der Widerrufsfrist absenden.<\/p>\n\n\n\n<p>Der Widerruf ist schriftlich zu richten an:<br>Opensource-DVD<br>Christian Trabi<br>Siebenb\u00fcrger Str. 18<br>D-82538 Geretsried<br><br><strong>Widerrufsfolgen:<br><\/strong>Wenn Sie diesen Vertrag widerrufen, haben wir Ihnen alle Zahlungen, die wir von Ihnen erhalten haben, einschlie\u00dflich der Lieferkosten (mit Ausnahme der zus\u00e4tzlichen Kosten, die sich daraus ergeben, dass Sie eine andere Art der Lieferung als die von uns angebotene, g\u00fcnstigste Standardlieferung gew\u00e4hlt haben), unverz\u00fcglich und sp\u00e4testens binnen vierzehn Tagen ab dem Tag zur\u00fcckzuzahlen, an dem die Mitteilung \u00fcber Ihren Widerruf dieses Vertrags bei uns eingegangen ist. F\u00fcr diese R\u00fcckzahlung verwenden wir dasselbe Zahlungsmittel, das Sie bei der urspr\u00fcnglichen Transaktion eingesetzt haben, es sei denn, mit Ihnen wurde ausdr\u00fccklich etwas anderes vereinbart; in keinem Fall werden Ihnen wegen dieser R\u00fcckzahlung Entgelte berechnet. Wir k\u00f6nnen die R\u00fcckzahlung verweigern, bis wir die Waren wieder zur\u00fcckerhalten haben oder bis Sie den Nachweis erbracht haben, dass Sie die Waren zur\u00fcckgesandt haben, je nachdem, welches der fr\u00fchere Zeitpunkt ist.<br><br>Sie haben die Waren unverz\u00fcglich und in jedem Fall sp\u00e4testens binnen vierzehn Tagen ab dem Tag, an dem Sie uns \u00fcber den Widerruf dieses Vertrages unterrichten, an uns oder an (hier sind gegebenenfalls der Name und die Anschrift der von Ihnen zur Entgegennahme der Ware erm\u00e4chtigten Person einzuf\u00fcgen) zur\u00fcckzusenden oder zu \u00fcbergeben. Die Frist ist gewahrt, wenn Sie die Waren vor Ablauf der Frist von vierzehn Tagen absenden.<br><br>Sie tragen die unmittelbaren Kosten der R\u00fccksendung der Waren.<br><br>Sie m\u00fcssen f\u00fcr einen etwaigen Wertverlust der Waren nur aufkommen, wenn dieser Wertverlust auf einen zur Pr\u00fcfung der Beschaffenheit, Eigenschaften und Funktionsweise der Waren nicht notwendigen Umgang mit ihnen zur\u00fcckzuf\u00fchren ist.<\/p>\n\n\n\n<p><strong>Muster-Widerrufsformular<\/strong><br>\u00dcber das Muster-Widerrufsformular informiert Opensource-DVD nach der gesetzlichen Regelung wie folgt (Wenn Sie den Vertrag widerrufen wollen, dann f\u00fcllen Sie bitte dieses Formular aus und senden Sie es zur\u00fcck.):<\/p>\n\n\n\n<p>&#8211; An [hier ist der Name, die Anschrift und die E-Mail-Adresse des Unternehmers durch den Unternehmer einzuf\u00fcgen]:<br>\u2013Hiermit widerrufe(n) ich\/wir (*) den von mir\/uns (*) abgeschlossenen Vertrag \u00fcber den Kauf der folgenden Waren (*)\/die Erbringung der folgenden Dienstleistung (*)<br>\u2013Bestellt am (*)\/erhalten am (*)<br>\u2013Name des\/der Verbraucher(s)<br>\u2013Anschrift des\/der Verbraucher(s)<br>\u2013Unterschrift des\/der Verbraucher(s) (nur bei Mitteilung auf Papier)<br>\u2013Datum __________<br>(*) Unzutreffendes streichen<br><br><strong>Lieferzeiten<br><\/strong>Alle Artikel werden umgehend nach Zahlungseingang, sofern ab Lager verf\u00fcgbar, ausgeliefert. Wichtiger Hinweis: Bei allen Zahlungsarten versenden wir die Ware erst dann, wenn die Zahlung abgeschlossen wurde. Die Lieferung erfolgt sowohl innerhalb Deutschlands als auch in EU-L\u00e4nder sowie in die Schweiz. Ansonsten betr\u00e4gt die Lieferzeit innerhalb Deutschlands in der Regel bis zu 3 Werktage. &nbsp;Auf eventuell abweichende Lieferzeiten weisen wir auf der jeweiligen Produktseite hin.<\/p>\n\n\n\n<p>Sollte ein Artikel kurzfristig nicht verf\u00fcgbar sein, informieren wir Sie per e-Mail \u00fcber die zu erwartende Lieferzeit. Bei Lieferungsverz\u00f6gerungen, wie z.B. durch h\u00f6here Gewalt, Verkehrsst\u00f6rungen und Verf\u00fcgungen von hoher Hand sowie sonstige von uns nicht zu vertretende Ereignisse, kann kein Schadensersatzanspruch gegen uns erhoben werden.<\/p>\n\n\n\n<p><strong>Verpackungs- und Versandkosten<br><\/strong>Eine Auflistung der Verpackungs- und Versandkosten&nbsp;finden Sie auf der <a href=\"https:\/\/www.opensource-dvd.de\/Jahres-DVD\/versandarten\/\"><mark style=\"background-color:rgba(0, 0, 0, 0);color:#0000ff\" class=\"has-inline-color\">Versandkostenseite<\/mark><\/a>.<\/p>\n\n\n\n<p><strong>Zahlung<br><\/strong>Die Zahlung erfolgt per <strong>Vorkasse<\/strong>, \u00fcber <strong>Paypal<\/strong> oder durch <strong>Kreditkarte<\/strong>. Bei Auswahl der Zahlungsart Vorkasse nennen wir Ihnen unsere Bankverbindung in der Auftragsbest\u00e4tigung und liefern die Ware nach Zahlungseingang. Bitte geben Sie bei Ihrer \u00dcberweisung als Verwendungszweck Ihren Namen und die Bestellnummer an, damit wir Ihren Zahlungseingang der Bestellung zuordnen k\u00f6nnen.<\/p>\n\n\n\n<p><strong>Eigentumsvorbehalt<\/strong><br>Bis zur vollst\u00e4ndigen Zahlung bleibt die Ware unser Eigentum.<\/p>\n\n\n\n<p><strong>Sachm\u00e4ngelgew\u00e4hrleistung<br><\/strong>Opensource-DVD haftet f\u00fcr Sachm\u00e4ngel nach den hierf\u00fcr geltenden gesetzlichen Vorschriften, insbesondere \u00a7\u00a7 434 ff B\u00fcrgerliches Gesetzbuch.<\/p>\n\n\n\n<p><strong>Copyright<\/strong><strong><br><\/strong>Alle dargestellten Fremdlogos, Bilder und Grafiken sind Eigentum der entsprechenden Firmen und unterliegen dem Copyright der entsprechenden Lizenzgeber. S\u00e4mtliche auf diesen Seiten dargestellten Fotos, Logos, Texte, Berichte, Skripte und Programmierroutinen, welche Eigenentwicklungen von uns sind oder von uns aufbereitet wurden, d\u00fcrfen nicht ohne unser Einverst\u00e4ndnis kopiert oder anderweitig genutzt werden. Alle Rechte vorbehalten.<\/p>\n\n\n\n<p><strong>Sonstiges<\/strong><strong><br><\/strong>Preis\u00e4nderungen einzelner Artikel behalten wir uns vor.<\/p>\n\n\n\n<p><strong>Links auf unseren Seiten<br><\/strong>Mit Urteil vom 12. Mai 1998 \u2013 312 O 85\/98 \u2013 \u201cHaftung f\u00fcr Links\u201d hat das Landgericht Hamburg entschieden, dass man durch die Ausbringung eines Links die Inhalte der gelinkten Seite ggf. mitzuverantworten hat. Dies kann \u2013 so das LG \u2013 nur dadurch verhindert werden, dass man sich ausdr\u00fccklich von diesen Inhalten distanziert. Wir distanzieren uns deshalb hiermit ausdr\u00fccklich von allen Inhalten s\u00e4mtlicher gelinkten Seiten auf dieser Homepage. Diese Erkl\u00e4rung gilt f\u00fcr alle auf unseren Internetseiten angebrachten Links.ng aus einer Warenlieferung, deren R\u00fccksendewert insgesamt bis zu 40 Euro betr\u00e4gt, haben Sie die Kosten der R\u00fccksendung zu tragen, wenn die gelieferte Ware der bestellten entspricht. Anderenfalls ist die R\u00fccksendung f\u00fcr Sie kostenfrei. Nicht paketversandf\u00e4hige Sachen werden bei Ihnen abgeholt.<\/p>\n\n\n<div class=\"woocommerce woocommerce-gzd woocommerce-gzd-complaints-shortcode\">\n\t\t\t<h3>Alternative Streitbeilegung gem\u00e4\u00df Art. 14 Abs. 1 ODR-VO und \u00a7 36 VSBG:<\/h3>\n\t\nZur Teilnahme an einem Streitbeilegungsverfahren vor einer Verbraucherschlichtungsstelle sind wir nicht verpflichtet und nicht bereit.<\/div>\n\n\n\n<p>Zuletzt aktualisiert am: 30. Dezember 2025 &#8211; Ihr Opensource-DVD Team<\/p>\n","protected":false},"excerpt":{"rendered":"<p>Unsere AGB als PDF-Datei. GeltungsbereichF\u00fcr alle Lieferungen von Christian Trabi (nachfolgend \u201eOpensource-DVD\u201c) anVerbraucher gelten diese Allgemeinen Gesch\u00e4ftsbedingungen (AGB). Verbraucherist jede nat\u00fcrliche Person, die ein Rechtsgesch\u00e4ft zu einem Zwecke abschlie\u00dft,der \u00fcberwiegend weder ihrer gewerblichen noch ihrer selbstst\u00e4ndigen beruflichenT\u00e4tigkeit zugerechnet werden kann. VertragsschlussDie Darstellung der Produkte im Online-Shop stellt kein rechtlich bindendes Angebot, sondern nur eine Aufforderung [&hellip;]<\/p>\n","protected":false},"author":1,"featured_media":0,"parent":0,"menu_order":0,"comment_status":"closed","ping_status":"closed","template":"","meta":{"_themeisle_gutenberg_block_has_review":false,"footnotes":""},"class_list":["post-100","page","type-page","status-publish","hentry"],"jetpack_sharing_enabled":true,"_links":{"self":[{"href":"https:\/\/www.opensource-dvd.de\/Jahres-DVD\/wp-json\/wp\/v2\/pages\/100","targetHints":{"allow":["GET"]}}],"collection":[{"href":"https:\/\/www.opensource-dvd.de\/Jahres-DVD\/wp-json\/wp\/v2\/pages"}],"about":[{"href":"https:\/\/www.opensource-dvd.de\/Jahres-DVD\/wp-json\/wp\/v2\/types\/page"}],"author":[{"embeddable":true,"href":"https:\/\/www.opensource-dvd.de\/Jahres-DVD\/wp-json\/wp\/v2\/users\/1"}],"replies":[{"embeddable":true,"href":"https:\/\/www.opensource-dvd.de\/Jahres-DVD\/wp-json\/wp\/v2\/comments?post=100"}],"version-history":[{"count":4,"href":"https:\/\/www.opensource-dvd.de\/Jahres-DVD\/wp-json\/wp\/v2\/pages\/100\/revisions"}],"predecessor-version":[{"id":695,"href":"https:\/\/www.opensource-dvd.de\/Jahres-DVD\/wp-json\/wp\/v2\/pages\/100\/revisions\/695"}],"wp:attachment":[{"href":"https:\/\/www.opensource-dvd.de\/Jahres-DVD\/wp-json\/wp\/v2\/media?parent=100"}],"curies":[{"name":"wp","href":"https:\/\/api.w.org\/{rel}","templated":true}]}}